{"id":52,"date":"2021-02-09T12:14:27","date_gmt":"2021-02-09T11:14:27","guid":{"rendered":"http:\/\/lysculpture.fr\/?page_id=52"},"modified":"2024-08-02T18:25:14","modified_gmt":"2024-08-02T16:25:14","slug":"contact","status":"publish","type":"page","link":"http:\/\/lysculpture.fr\/index.php\/contact\/","title":{"rendered":"Contact"},"content":{"rendered":"\t\t<div data-elementor-type=\"wp-page\" data-elementor-id=\"52\" class=\"elementor elementor-52\" data-elementor-settings=\"[]\">\n\t\t\t\t\t\t\t<div class=\"elementor-section-wrap\">\n\t\t\t\t\t\t\t<section class=\"elementor-section elementor-top-section elementor-element elementor-element-49da071 elementor-section-boxed elementor-section-height-default elementor-section-height-default\" data-id=\"49da071\" data-element_type=\"section\">\n\t\t\t\t\t\t<div class=\"elementor-container elementor-column-gap-wider\">\n\t\t\t\t\t<div class=\"elementor-column elementor-col-100 elementor-top-column elementor-element elementor-element-8d08a71\" data-id=\"8d08a71\" data-element_type=\"column\">\n\t\t\t<div class=\"elementor-widget-wrap elementor-element-populated\">\n\t\t\t\t\t\t\t\t<div class=\"elementor-element elementor-element-0b0cc79 elementor-widget elementor-widget-heading\" data-id=\"0b0cc79\" data-element_type=\"widget\" data-widget_type=\"heading.default\">\n\t\t\t\t<div class=\"elementor-widget-container\">\n\t\t\t<h2 class=\"elementor-heading-title elementor-size-default\">Contacter l'artiste<\/h2>\t\t<\/div>\n\t\t\t\t<\/div>\n\t\t\t\t\t<\/div>\n\t\t<\/div>\n\t\t\t\t\t\t\t<\/div>\n\t\t<\/section>\n\t\t\t\t<section class=\"elementor-section elementor-top-section elementor-element elementor-element-d426060 elementor-section-boxed elementor-section-height-default elementor-section-height-default\" data-id=\"d426060\" data-element_type=\"section\" data-settings=\"{&quot;background_background&quot;:&quot;classic&quot;}\">\n\t\t\t\t\t\t<div class=\"elementor-container elementor-column-gap-default\">\n\t\t\t\t\t<div class=\"elementor-column elementor-col-50 elementor-top-column elementor-element elementor-element-d42e5be\" data-id=\"d42e5be\" data-element_type=\"column\">\n\t\t\t<div class=\"elementor-widget-wrap elementor-element-populated\">\n\t\t\t\t\t\t\t\t<div class=\"elementor-element elementor-element-db6080f elementor-widget elementor-widget-text-editor\" data-id=\"db6080f\" data-element_type=\"widget\" data-widget_type=\"text-editor.default\">\n\t\t\t\t<div class=\"elementor-widget-container\">\n\t\t\t\t\t<div class=\"elementor-text-editor elementor-clearfix\"><p>Pour toutes questions, achat ou commande d&rsquo;\u0153uvres.<\/p><\/div>\n\t\t\t\t<\/div>\n\t\t\t\t<\/div>\n\t\t\t\t<div class=\"elementor-element elementor-element-665c94e elementor-widget-divider--view-line_icon elementor-view-default elementor-widget-divider--element-align-center elementor-widget elementor-widget-divider\" data-id=\"665c94e\" data-element_type=\"widget\" data-widget_type=\"divider.default\">\n\t\t\t\t<div class=\"elementor-widget-container\">\n\t\t\t\t\t<div class=\"elementor-divider\">\n\t\t\t<span class=\"elementor-divider-separator\">\n\t\t\t\t\t\t\t<div class=\"elementor-icon elementor-divider__element\">\n\t\t\t\t\t<i aria-hidden=\"true\" class=\"far fa-envelope\"><\/i><\/div>\n\t\t\t\t\t\t<\/span>\n\t\t<\/div>\n\t\t\t\t<\/div>\n\t\t\t\t<\/div>\n\t\t\t\t<div class=\"elementor-element elementor-element-dd6677b elementor-widget elementor-widget-text-editor\" data-id=\"dd6677b\" data-element_type=\"widget\" data-widget_type=\"text-editor.default\">\n\t\t\t\t<div class=\"elementor-widget-container\">\n\t\t\t\t\t<div class=\"elementor-text-editor elementor-clearfix\"><!-- wp:contact-form-7\/contact-form-selector {\"id\":45,\"title\":\"Contact\"} -->\n<div class=\"wp-block-contact-form-7-contact-form-selector\"><div role=\"form\" class=\"wpcf7\" id=\"wpcf7-f45-o1\" lang=\"fr-FR\" dir=\"ltr\">\n<div class=\"screen-reader-response\"><p role=\"status\" aria-live=\"polite\" aria-atomic=\"true\"><\/p> <ul><\/ul><\/div>\n<form action=\"\/index.php\/wp-json\/wp\/v2\/pages\/52#wpcf7-f45-o1\" method=\"post\" class=\"wpcf7-form init\" novalidate=\"novalidate\" data-status=\"init\">\n<div style=\"display: none;\">\n<input type=\"hidden\" name=\"_wpcf7\" value=\"45\" \/>\n<input type=\"hidden\" name=\"_wpcf7_version\" value=\"5.4\" \/>\n<input type=\"hidden\" name=\"_wpcf7_locale\" value=\"fr_FR\" \/>\n<input type=\"hidden\" name=\"_wpcf7_unit_tag\" value=\"wpcf7-f45-o1\" \/>\n<input type=\"hidden\" name=\"_wpcf7_container_post\" value=\"0\" \/>\n<input type=\"hidden\" name=\"_wpcf7_posted_data_hash\" value=\"\" \/>\n<\/div>\n<p><label> Votre nom<br \/>\n    <span class=\"wpcf7-form-control-wrap your-name\"><input type=\"text\" name=\"your-name\" value=\"\" size=\"40\" class=\"wpcf7-form-control wpcf7-text wpcf7-validates-as-required\" aria-required=\"true\" aria-invalid=\"false\" \/><\/span> <\/label><\/p>\n<p><label> Votre e-mail<br \/>\n    <span class=\"wpcf7-form-control-wrap your-email\"><input type=\"email\" name=\"your-email\" value=\"\" size=\"40\" class=\"wpcf7-form-control wpcf7-text wpcf7-email wpcf7-validates-as-required wpcf7-validates-as-email\" aria-required=\"true\" aria-invalid=\"false\" \/><\/span> <\/label><\/p>\n<p><label> Votre adresse<br \/>\n    <span class=\"wpcf7-form-control-wrap your-address\"><input type=\"text\" name=\"your-address\" value=\"\" size=\"40\" class=\"wpcf7-form-control wpcf7-text\" aria-invalid=\"false\" \/><\/span> <\/label><\/p>\n<p><label> Votre num\u00e9ro de t\u00e9l\u00e9phone<br \/>\n    <span class=\"wpcf7-form-control-wrap your-tel\"><input type=\"tel\" name=\"your-tel\" value=\"\" size=\"40\" class=\"wpcf7-form-control wpcf7-text wpcf7-tel wpcf7-validates-as-tel\" aria-invalid=\"false\" \/><\/span> <\/label><\/p>\n<p><label> Objet<br \/>\n    <span class=\"wpcf7-form-control-wrap your-subject\"><input type=\"text\" name=\"your-subject\" value=\"\" size=\"40\" class=\"wpcf7-form-control wpcf7-text wpcf7-validates-as-required\" aria-required=\"true\" aria-invalid=\"false\" \/><\/span> <\/label><\/p>\n<p><label> Votre message<br \/>\n    <span class=\"wpcf7-form-control-wrap your-message\"><textarea name=\"your-message\" cols=\"40\" rows=\"10\" class=\"wpcf7-form-control wpcf7-textarea\" aria-invalid=\"false\"><\/textarea><\/span> <\/label><\/p>\n<p><input type=\"submit\" value=\"Envoyer\" class=\"wpcf7-form-control wpcf7-submit\" \/><\/p>\n<div class=\"wpcf7-response-output\" aria-hidden=\"true\"><\/div><\/form><\/div><\/div>\n<!-- \/wp:contact-form-7\/contact-form-selector --><\/div>\n\t\t\t\t<\/div>\n\t\t\t\t<\/div>\n\t\t\t\t\t<\/div>\n\t\t<\/div>\n\t\t\t\t<div class=\"elementor-column elementor-col-50 elementor-top-column elementor-element elementor-element-5e9dea6\" data-id=\"5e9dea6\" data-element_type=\"column\">\n\t\t\t<div class=\"elementor-widget-wrap elementor-element-populated\">\n\t\t\t\t\t\t\t\t<div class=\"elementor-element elementor-element-e9ee6cd elementor-widget elementor-widget-image\" data-id=\"e9ee6cd\" data-element_type=\"widget\" data-widget_type=\"image.default\">\n\t\t\t\t<div class=\"elementor-widget-container\">\n\t\t\t\t\t<div class=\"elementor-image\">\n\t\t\t\t\t\t\t\t\t\t<img width=\"1024\" height=\"689\" src=\"http:\/\/lysculpture.fr\/wp-content\/uploads\/2024\/08\/requin-soyeux-2-1024x689.jpeg\" class=\"attachment-large size-large\" alt=\"\" loading=\"lazy\" srcset=\"http:\/\/lysculpture.fr\/wp-content\/uploads\/2024\/08\/requin-soyeux-2-1024x689.jpeg 1024w, http:\/\/lysculpture.fr\/wp-content\/uploads\/2024\/08\/requin-soyeux-2-300x202.jpeg 300w, http:\/\/lysculpture.fr\/wp-content\/uploads\/2024\/08\/requin-soyeux-2-768x517.jpeg 768w, http:\/\/lysculpture.fr\/wp-content\/uploads\/2024\/08\/requin-soyeux-2-1536x1034.jpeg 1536w, http:\/\/lysculpture.fr\/wp-content\/uploads\/2024\/08\/requin-soyeux-2-2048x1378.jpeg 2048w\" sizes=\"(max-width: 1024px) 100vw, 1024px\" \/>\t\t\t\t\t\t\t\t\t\t\t<\/div>\n\t\t\t\t<\/div>\n\t\t\t\t<\/div>\n\t\t\t\t<div class=\"elementor-element elementor-element-d47f986 elementor-widget elementor-widget-image\" data-id=\"d47f986\" data-element_type=\"widget\" data-widget_type=\"image.default\">\n\t\t\t\t<div class=\"elementor-widget-container\">\n\t\t\t\t\t<div class=\"elementor-image\">\n\t\t\t\t\t\t\t\t\t\t<img width=\"969\" height=\"1024\" src=\"http:\/\/lysculpture.fr\/wp-content\/uploads\/2024\/05\/received_782379866743154-969x1024.jpeg\" class=\"attachment-large size-large\" alt=\"\" loading=\"lazy\" srcset=\"http:\/\/lysculpture.fr\/wp-content\/uploads\/2024\/05\/received_782379866743154-969x1024.jpeg 969w, http:\/\/lysculpture.fr\/wp-content\/uploads\/2024\/05\/received_782379866743154-284x300.jpeg 284w, http:\/\/lysculpture.fr\/wp-content\/uploads\/2024\/05\/received_782379866743154-768x812.jpeg 768w, http:\/\/lysculpture.fr\/wp-content\/uploads\/2024\/05\/received_782379866743154-1453x1536.jpeg 1453w, http:\/\/lysculpture.fr\/wp-content\/uploads\/2024\/05\/received_782379866743154-1937x2048.jpeg 1937w\" sizes=\"(max-width: 969px) 100vw, 969px\" \/>\t\t\t\t\t\t\t\t\t\t\t<\/div>\n\t\t\t\t<\/div>\n\t\t\t\t<\/div>\n\t\t\t\t<div class=\"elementor-element elementor-element-d7a476a elementor-widget elementor-widget-image\" data-id=\"d7a476a\" data-element_type=\"widget\" data-widget_type=\"image.default\">\n\t\t\t\t<div class=\"elementor-widget-container\">\n\t\t\t\t\t<div class=\"elementor-image\">\n\t\t\t\t\t\t\t\t\t\t<img width=\"934\" height=\"1024\" src=\"http:\/\/lysculpture.fr\/wp-content\/uploads\/2024\/07\/IMG20240729180145-2-934x1024.jpg\" class=\"attachment-large size-large\" alt=\"\" loading=\"lazy\" srcset=\"http:\/\/lysculpture.fr\/wp-content\/uploads\/2024\/07\/IMG20240729180145-2-934x1024.jpg 934w, http:\/\/lysculpture.fr\/wp-content\/uploads\/2024\/07\/IMG20240729180145-2-274x300.jpg 274w, http:\/\/lysculpture.fr\/wp-content\/uploads\/2024\/07\/IMG20240729180145-2-768x842.jpg 768w, http:\/\/lysculpture.fr\/wp-content\/uploads\/2024\/07\/IMG20240729180145-2-1401x1536.jpg 1401w, http:\/\/lysculpture.fr\/wp-content\/uploads\/2024\/07\/IMG20240729180145-2-1868x2048.jpg 1868w\" sizes=\"(max-width: 934px) 100vw, 934px\" \/>\t\t\t\t\t\t\t\t\t\t\t<\/div>\n\t\t\t\t<\/div>\n\t\t\t\t<\/div>\n\t\t\t\t\t<\/div>\n\t\t<\/div>\n\t\t\t\t\t\t\t<\/div>\n\t\t<\/section>\n\t\t\t\t<section class=\"elementor-section elementor-top-section elementor-element elementor-element-04c8dfc elementor-section-boxed elementor-section-height-default elementor-section-height-default\" data-id=\"04c8dfc\" data-element_type=\"section\">\n\t\t\t\t\t\t<div class=\"elementor-container elementor-column-gap-default\">\n\t\t\t\t\t<div class=\"elementor-column elementor-col-100 elementor-top-column elementor-element elementor-element-a117f49\" data-id=\"a117f49\" data-element_type=\"column\">\n\t\t\t<div class=\"elementor-widget-wrap\">\n\t\t\t\t\t\t\t\t\t<\/div>\n\t\t<\/div>\n\t\t\t\t\t\t\t<\/div>\n\t\t<\/section>\n\t\t\t\t\t\t<\/div>\n\t\t\t\t\t<\/div>\n\t\t","protected":false},"excerpt":{"rendered":"<p>Contacter l&rsquo;artiste Pour toutes questions, achat ou commande d&rsquo;\u0153uvres.<\/p>\n","protected":false},"author":2,"featured_media":0,"parent":0,"menu_order":0,"comment_status":"closed","ping_status":"closed","template":"","meta":[],"yoast_head":"<!-- This site is optimized with the Yoast SEO plugin v15.9.1 - https:\/\/yoast.com\/wordpress\/plugins\/seo\/ -->\n<title>Contact - LYSculpture<\/title>\n<meta name=\"robots\" content=\"index, follow, max-snippet:-1, max-image-preview:large, max-video-preview:-1\" \/>\n<link rel=\"canonical\" href=\"https:\/\/lysculpture.fr\/index.php\/contact\/\" \/>\n<meta property=\"og:locale\" content=\"fr_FR\" \/>\n<meta property=\"og:type\" content=\"article\" \/>\n<meta property=\"og:title\" content=\"Contact - LYSculpture\" \/>\n<meta property=\"og:description\" content=\"Contacter l&rsquo;artiste Pour toutes questions, achat ou commande d&rsquo;\u0153uvres.\" \/>\n<meta property=\"og:url\" content=\"https:\/\/lysculpture.fr\/index.php\/contact\/\" \/>\n<meta property=\"og:site_name\" content=\"LYSculpture\" \/>\n<meta property=\"article:modified_time\" content=\"2024-08-02T16:25:14+00:00\" \/>\n<meta property=\"og:image\" content=\"http:\/\/lysculpture.fr\/wp-content\/uploads\/2024\/08\/requin-soyeux-2-1024x689.jpeg\" \/>\n<meta name=\"twitter:card\" content=\"summary_large_image\" \/>\n<meta name=\"twitter:label1\" content=\"Dur\u00e9e de lecture est.\">\n\t<meta name=\"twitter:data1\" content=\"1 minute\">\n<script type=\"application\/ld+json\" class=\"yoast-schema-graph\">{\"@context\":\"https:\/\/schema.org\",\"@graph\":[{\"@type\":\"WebSite\",\"@id\":\"https:\/\/lysculpture.fr\/#website\",\"url\":\"https:\/\/lysculpture.fr\/\",\"name\":\"LYSculpture\",\"description\":\"Sculpteur - Rennes\",\"potentialAction\":[{\"@type\":\"SearchAction\",\"target\":\"https:\/\/lysculpture.fr\/?s={search_term_string}\",\"query-input\":\"required name=search_term_string\"}],\"inLanguage\":\"fr-FR\"},{\"@type\":\"ImageObject\",\"@id\":\"https:\/\/lysculpture.fr\/index.php\/contact\/#primaryimage\",\"inLanguage\":\"fr-FR\",\"url\":\"http:\/\/lysculpture.fr\/wp-content\/uploads\/2024\/08\/requin-soyeux-2-1024x689.jpeg\"},{\"@type\":\"WebPage\",\"@id\":\"https:\/\/lysculpture.fr\/index.php\/contact\/#webpage\",\"url\":\"https:\/\/lysculpture.fr\/index.php\/contact\/\",\"name\":\"Contact - LYSculpture\",\"isPartOf\":{\"@id\":\"https:\/\/lysculpture.fr\/#website\"},\"primaryImageOfPage\":{\"@id\":\"https:\/\/lysculpture.fr\/index.php\/contact\/#primaryimage\"},\"datePublished\":\"2021-02-09T11:14:27+00:00\",\"dateModified\":\"2024-08-02T16:25:14+00:00\",\"breadcrumb\":{\"@id\":\"https:\/\/lysculpture.fr\/index.php\/contact\/#breadcrumb\"},\"inLanguage\":\"fr-FR\",\"potentialAction\":[{\"@type\":\"ReadAction\",\"target\":[\"https:\/\/lysculpture.fr\/index.php\/contact\/\"]}]},{\"@type\":\"BreadcrumbList\",\"@id\":\"https:\/\/lysculpture.fr\/index.php\/contact\/#breadcrumb\",\"itemListElement\":[{\"@type\":\"ListItem\",\"position\":1,\"item\":{\"@type\":\"WebPage\",\"@id\":\"http:\/\/lysculpture.fr\/\",\"url\":\"http:\/\/lysculpture.fr\/\",\"name\":\"Accueil\"}},{\"@type\":\"ListItem\",\"position\":2,\"item\":{\"@type\":\"WebPage\",\"@id\":\"https:\/\/lysculpture.fr\/index.php\/contact\/\",\"url\":\"https:\/\/lysculpture.fr\/index.php\/contact\/\",\"name\":\"Contact\"}}]}]}<\/script>\n<!-- \/ Yoast SEO plugin. -->","_links":{"self":[{"href":"http:\/\/lysculpture.fr\/index.php\/wp-json\/wp\/v2\/pages\/52"}],"collection":[{"href":"http:\/\/lysculpture.fr\/index.php\/wp-json\/wp\/v2\/pages"}],"about":[{"href":"http:\/\/lysculpture.fr\/index.php\/wp-json\/wp\/v2\/types\/page"}],"author":[{"embeddable":true,"href":"http:\/\/lysculpture.fr\/index.php\/wp-json\/wp\/v2\/users\/2"}],"replies":[{"embeddable":true,"href":"http:\/\/lysculpture.fr\/index.php\/wp-json\/wp\/v2\/comments?post=52"}],"version-history":[{"count":14,"href":"http:\/\/lysculpture.fr\/index.php\/wp-json\/wp\/v2\/pages\/52\/revisions"}],"predecessor-version":[{"id":4342,"href":"http:\/\/lysculpture.fr\/index.php\/wp-json\/wp\/v2\/pages\/52\/revisions\/4342"}],"wp:attachment":[{"href":"http:\/\/lysculpture.fr\/index.php\/wp-json\/wp\/v2\/media?parent=52"}],"curies":[{"name":"wp","href":"https:\/\/api.w.org\/{rel}","templated":true}]}}